{"id":654,"date":"2021-09-23T20:27:42","date_gmt":"2021-09-23T20:27:42","guid":{"rendered":"https:\/\/startertemplatecloud.com\/g17\/?page_id=7"},"modified":"2024-08-21T19:07:57","modified_gmt":"2024-08-21T17:07:57","slug":"a-propos","status":"publish","type":"page","link":"https:\/\/lardobenprod.com\/index.php\/a-propos\/","title":{"rendered":"\u00c0 propos"},"content":{"rendered":"<style>.kb-row-layout-id654_70359f-63 > .kt-row-column-wrap{align-content:center;}:where(.kb-row-layout-id654_70359f-63 > .kt-row-column-wrap) > .wp-block-kadence-column{justify-content:center;}.kb-row-layout-id654_70359f-63 > .kt-row-column-wrap{column-gap:80px;row-gap:0px;max-width:var( --global-content-width, 1290px );padding-left:var(--global-content-edge-padding);padding-right:var(--global-content-edge-padding);padding-top:81px;padding-bottom:0px;min-height:400px;grid-template-columns:minmax(0, 1fr);}.kb-row-layout-id654_70359f-63 > .kt-row-layout-overlay{opacity:0.30;}@media all and (max-width: 1024px){.kb-row-layout-id654_70359f-63 > .kt-row-column-wrap{grid-template-columns:minmax(0, 1fr);}}@media all and (max-width: 767px){.kb-row-layout-id654_70359f-63 > .kt-row-column-wrap{grid-template-columns:minmax(0, 1fr);}}<\/style><div class=\"kb-row-layout-wrap kb-row-layout-id654_70359f-63 alignnone wp-block-kadence-rowlayout\"><div class=\"kt-row-column-wrap kt-has-1-columns kt-row-layout-equal kt-tab-layout-inherit kt-mobile-layout-row kt-row-valign-middle kt-inner-column-height-full kb-theme-content-width\">\n<style>.kadence-column654_b4c0fb-9d > .kt-inside-inner-col,.kadence-column654_b4c0fb-9d > .kt-inside-inner-col:before{border-top-left-radius:0px;border-top-right-radius:0px;border-bottom-right-radius:0px;border-bottom-left-radius:0px;}.kadence-column654_b4c0fb-9d > .kt-inside-inner-col{column-gap:var(--global-kb-gap-sm, 1rem);}.kadence-column654_b4c0fb-9d > .kt-inside-inner-col{flex-direction:column;}.kadence-column654_b4c0fb-9d > .kt-inside-inner-col > .aligncenter{width:100%;}.kadence-column654_b4c0fb-9d > .kt-inside-inner-col:before{opacity:0.3;}.kadence-column654_b4c0fb-9d{position:relative;}@media all and (max-width: 1024px){.kadence-column654_b4c0fb-9d > .kt-inside-inner-col{flex-direction:column;justify-content:center;}}@media all and (max-width: 767px){.kadence-column654_b4c0fb-9d > .kt-inside-inner-col{flex-direction:column;justify-content:center;}}<\/style>\n<div class=\"wp-block-kadence-column kadence-column654_b4c0fb-9d\"><div class=\"kt-inside-inner-col\">\n<figure class=\"wp-block-video\"><video height=\"2160\" style=\"aspect-ratio: 3840 \/ 2160;\" width=\"3840\" autoplay controls src=\"https:\/\/lardobenprod.com\/wp-content\/uploads\/2024\/08\/lardobenprod.mov\"><\/video><\/figure>\n<\/div><\/div>\n\n\n<style>.kadence-column654_160945-8e > .kt-inside-inner-col{display:flex;}.kadence-column654_160945-8e > .kt-inside-inner-col,.kadence-column654_160945-8e > .kt-inside-inner-col:before{border-top-left-radius:0px;border-top-right-radius:0px;border-bottom-right-radius:0px;border-bottom-left-radius:0px;}.kadence-column654_160945-8e > .kt-inside-inner-col{row-gap:var(--global-kb-gap-sm, 1rem);column-gap:var(--global-kb-gap-sm, 1rem);}.kadence-column654_160945-8e > .kt-inside-inner-col{flex-direction:column-reverse;justify-content:center;}.kadence-column654_160945-8e > .kt-inside-inner-col > .aligncenter{width:100%;}.kt-row-column-wrap > .kadence-column654_160945-8e{align-self:center;}.kt-inner-column-height-full:not(.kt-has-1-columns) > .wp-block-kadence-column.kadence-column654_160945-8e{align-self:auto;}.kt-inner-column-height-full:not(.kt-has-1-columns) > .wp-block-kadence-column.kadence-column654_160945-8e > .kt-inside-inner-col{flex-direction:column;justify-content:center;}.kadence-column654_160945-8e > .kt-inside-inner-col:before{opacity:0.3;}.kadence-column654_160945-8e{text-align:center;}.kadence-column654_160945-8e{position:relative;}@media all and (max-width: 1024px){.kt-row-column-wrap > .kadence-column654_160945-8e{align-self:center;}}@media all and (max-width: 1024px){.kt-inner-column-height-full:not(.kt-has-1-columns) > .wp-block-kadence-column.kadence-column654_160945-8e{align-self:auto;}}@media all and (max-width: 1024px){.kt-inner-column-height-full:not(.kt-has-1-columns) > .wp-block-kadence-column.kadence-column654_160945-8e > .kt-inside-inner-col{flex-direction:column;justify-content:center;}}@media all and (max-width: 1024px){.kadence-column654_160945-8e > .kt-inside-inner-col{flex-direction:column-reverse;justify-content:center;}}@media all and (max-width: 767px){.kt-row-column-wrap > .kadence-column654_160945-8e{align-self:center;}.kt-inner-column-height-full:not(.kt-has-1-columns) > .wp-block-kadence-column.kadence-column654_160945-8e{align-self:auto;}.kt-inner-column-height-full:not(.kt-has-1-columns) > .wp-block-kadence-column.kadence-column654_160945-8e > .kt-inside-inner-col{flex-direction:column;justify-content:center;}.kadence-column654_160945-8e > .kt-inside-inner-col{flex-direction:column-reverse;justify-content:center;}}<\/style>\n<div class=\"wp-block-kadence-column kadence-column654_160945-8e kb-section-dir-vertical-reverse\"><div class=\"kt-inside-inner-col\">\n<p><\/p>\n\n\n\n<p class=\"has-small-font-size\">Bienvenue chez<strong> Lardobenprod<\/strong>, o\u00f9 nous sommes d\u00e9di\u00e9s \u00e0 capturer vos moments les plus pr\u00e9cieux avec une combinaison unique de cr\u00e9ativit\u00e9, professionnalisme et passion. Que ce soit pour un mariage \u00e9mouvant, un \u00e9v\u00e9nement d&rsquo;entreprise m\u00e9morable ou une s\u00e9ance photo en famille joyeuse, notre \u00e9quipe exp\u00e9riment\u00e9e est l\u00e0 pour immortaliser chaque instant de mani\u00e8re inoubliable.<\/p>\n\n\n\n<p class=\"has-small-font-size\">En plus de nos services de photographie et de vid\u00e9ographie, nous proposons \u00e9galement des solutions de communication digitale sur mesure pour les entreprises. De la cr\u00e9ation de contenu visuel \u00e0 la gestion strat\u00e9gique des r\u00e9seaux sociaux, nous vous aidons \u00e0 renforcer votre pr\u00e9sence en ligne et \u00e0 atteindre vos objectifs marketing avec succ\u00e8s.<\/p>\n\n\n\n<p class=\"has-small-font-size\">Notre approche repose sur l&rsquo;innovation et la recherche constante de nouvelles id\u00e9es pour offrir \u00e0 nos clients des services exceptionnels. Avec une \u00e9quipe de professionnels talentueux dans le domaine de la photographie, de la vid\u00e9ographie et de la communication digitale, nous garantissons des r\u00e9sultats de haute qualit\u00e9 \u00e0 chaque projet.<\/p>\n\n\n\n<p class=\"has-small-font-size\">Nous croyons en une collaboration \u00e9troite avec nos clients pour comprendre leurs besoins uniques et leurs pr\u00e9f\u00e9rences, afin de cr\u00e9er des r\u00e9sultats qui d\u00e9passent leurs attentes. De plus, nos offres sp\u00e9ciales et nos forfaits promotionnels garantissent que nos services de qualit\u00e9 sont accessibles \u00e0 tous.<\/p>\n\n\n\n<p class=\"has-small-font-size\">Que vous souhaitiez capturer les moments magiques de votre vie personnelle ou renforcer la pr\u00e9sence en ligne de votre entreprise, l&rsquo;\u00e9quipe de lardobenprod est l\u00e0 pour vous offrir des services exceptionnels. <\/p>\n<\/div><\/div>\n\n<\/div><\/div>\n\n\n<p><\/p>\n\n\n<style>.kb-row-layout-id654_3a4d91-c9 > .kt-row-column-wrap{align-content:start;}:where(.kb-row-layout-id654_3a4d91-c9 > .kt-row-column-wrap) > .wp-block-kadence-column{justify-content:start;}.kb-row-layout-id654_3a4d91-c9 > .kt-row-column-wrap{column-gap:var(--global-kb-gap-md, 2rem);row-gap:var(--global-kb-gap-md, 2rem);padding-top:var(--global-kb-spacing-sm, 1.5rem);padding-bottom:var(--global-kb-spacing-sm, 1.5rem);}.kb-row-layout-id654_3a4d91-c9 > .kt-row-column-wrap > div:not(.added-for-specificity){grid-column:initial;}.kb-row-layout-id654_3a4d91-c9 > .kt-row-column-wrap{grid-template-columns:repeat(3, minmax(0, 1fr));}.kb-row-layout-id654_3a4d91-c9 > .kt-row-layout-overlay{opacity:0.30;}@media all and (max-width: 1024px){.kb-row-layout-id654_3a4d91-c9 > .kt-row-column-wrap > div:not(.added-for-specificity){grid-column:initial;}}@media all and (max-width: 1024px){.kb-row-layout-id654_3a4d91-c9 > .kt-row-column-wrap{grid-template-columns:repeat(3, minmax(0, 1fr));}}@media all and (max-width: 767px){.kb-row-layout-id654_3a4d91-c9 > .kt-row-column-wrap > div:not(.added-for-specificity){grid-column:initial;}.kb-row-layout-id654_3a4d91-c9 > .kt-row-column-wrap{grid-template-columns:minmax(0, 1fr);}}<\/style><div class=\"kb-row-layout-wrap kb-row-layout-id654_3a4d91-c9 alignnone wp-block-kadence-rowlayout\"><div class=\"kt-row-column-wrap kt-has-3-columns kt-row-layout-equal kt-tab-layout-inherit kt-mobile-layout-row kt-row-valign-top\">\n<style>.kadence-column654_c56e7b-dc > .kt-inside-inner-col,.kadence-column654_c56e7b-dc > .kt-inside-inner-col:before{border-top-left-radius:0px;border-top-right-radius:0px;border-bottom-right-radius:0px;border-bottom-left-radius:0px;}.kadence-column654_c56e7b-dc > .kt-inside-inner-col{column-gap:var(--global-kb-gap-sm, 1rem);}.kadence-column654_c56e7b-dc > .kt-inside-inner-col{flex-direction:column;}.kadence-column654_c56e7b-dc > .kt-inside-inner-col > .aligncenter{width:100%;}.kadence-column654_c56e7b-dc > .kt-inside-inner-col:before{opacity:0.3;}.kadence-column654_c56e7b-dc{position:relative;}@media all and (max-width: 1024px){.kadence-column654_c56e7b-dc > .kt-inside-inner-col{flex-direction:column;justify-content:center;}}@media all and (max-width: 767px){.kadence-column654_c56e7b-dc > .kt-inside-inner-col{flex-direction:column;justify-content:center;}}<\/style>\n<div class=\"wp-block-kadence-column kadence-column654_c56e7b-dc\"><div class=\"kt-inside-inner-col\">\n<figure class=\"wp-block-video\"><video height=\"1080\" style=\"aspect-ratio: 1920 \/ 1080;\" width=\"1920\" controls src=\"https:\/\/lardobenprod.com\/wp-content\/uploads\/2024\/06\/copy_80256D93-DDA1-4F44-9395-C8696872017D-3-1.mp4\"><\/video><\/figure>\n<\/div><\/div>\n\n\n<style>.kadence-column654_69be0d-41 > .kt-inside-inner-col,.kadence-column654_69be0d-41 > .kt-inside-inner-col:before{border-top-left-radius:0px;border-top-right-radius:0px;border-bottom-right-radius:0px;border-bottom-left-radius:0px;}.kadence-column654_69be0d-41 > .kt-inside-inner-col{column-gap:var(--global-kb-gap-sm, 1rem);}.kadence-column654_69be0d-41 > .kt-inside-inner-col{flex-direction:column;}.kadence-column654_69be0d-41 > .kt-inside-inner-col > .aligncenter{width:100%;}.kadence-column654_69be0d-41 > .kt-inside-inner-col:before{opacity:0.3;}.kadence-column654_69be0d-41{position:relative;}@media all and (max-width: 1024px){.kadence-column654_69be0d-41 > .kt-inside-inner-col{flex-direction:column;justify-content:center;}}@media all and (max-width: 767px){.kadence-column654_69be0d-41 > .kt-inside-inner-col{flex-direction:column;justify-content:center;}}<\/style>\n<div class=\"wp-block-kadence-column kadence-column654_69be0d-41\"><div class=\"kt-inside-inner-col\">\n<figure class=\"wp-block-video\"><video height=\"1080\" style=\"aspect-ratio: 1920 \/ 1080;\" width=\"1920\" controls src=\"https:\/\/lardobenprod.com\/wp-content\/uploads\/2024\/06\/copy_0AE053C4-76A4-45C0-BC6A-BB7BCF8E70F7-3-2.mp4\"><\/video><\/figure>\n<\/div><\/div>\n\n\n<style>.kadence-column654_f119b5-86 > .kt-inside-inner-col,.kadence-column654_f119b5-86 > .kt-inside-inner-col:before{border-top-left-radius:0px;border-top-right-radius:0px;border-bottom-right-radius:0px;border-bottom-left-radius:0px;}.kadence-column654_f119b5-86 > .kt-inside-inner-col{column-gap:var(--global-kb-gap-sm, 1rem);}.kadence-column654_f119b5-86 > .kt-inside-inner-col{flex-direction:column;}.kadence-column654_f119b5-86 > .kt-inside-inner-col > .aligncenter{width:100%;}.kadence-column654_f119b5-86 > .kt-inside-inner-col:before{opacity:0.3;}.kadence-column654_f119b5-86{position:relative;}@media all and (max-width: 1024px){.kadence-column654_f119b5-86 > .kt-inside-inner-col{flex-direction:column;justify-content:center;}}@media all and (max-width: 767px){.kadence-column654_f119b5-86 > .kt-inside-inner-col{flex-direction:column;justify-content:center;}}<\/style>\n<div class=\"wp-block-kadence-column kadence-column654_f119b5-86\"><div class=\"kt-inside-inner-col\">\n<figure class=\"wp-block-video\"><video height=\"1080\" style=\"aspect-ratio: 1920 \/ 1080;\" width=\"1920\" controls src=\"https:\/\/lardobenprod.com\/wp-content\/uploads\/2024\/06\/copy_476B4786-90E0-4654-8A32-C22D8E4869CD-3-3.mp4\"><\/video><\/figure>\n<\/div><\/div>\n\n<\/div><\/div>","protected":false},"excerpt":{"rendered":"<p>Bienvenue chez Lardobenprod, o\u00f9 nous sommes d\u00e9di\u00e9s \u00e0 capturer vos moments les plus pr\u00e9cieux avec une combinaison unique de cr\u00e9ativit\u00e9, professionnalisme et passion. Que ce soit pour un mariage \u00e9mouvant, un \u00e9v\u00e9nement d&rsquo;entreprise m\u00e9morable ou une s\u00e9ance photo en famille joyeuse, notre \u00e9quipe exp\u00e9riment\u00e9e est l\u00e0 pour immortaliser chaque instant de mani\u00e8re inoubliable. En plus&#8230;<\/p>\n","protected":false},"author":1,"featured_media":1081,"parent":0,"menu_order":0,"comment_status":"closed","ping_status":"closed","template":"","meta":{"_kadence_starter_templates_imported_post":true,"_kad_post_transparent":"","_kad_post_title":"","_kad_post_layout":"","_kad_post_sidebar_id":"","_kad_post_content_style":"","_kad_post_vertical_padding":"","_kad_post_feature":"","_kad_post_feature_position":"","_kad_post_header":false,"_kad_post_footer":false,"_kad_post_classname":"","footnotes":""},"class_list":["post-654","page","type-page","status-publish","has-post-thumbnail","hentry"],"yoast_head":"<!-- This site is optimized with the Yoast SEO plugin v27.4 - https:\/\/yoast.com\/product\/yoast-seo-wordpress\/ -->\n<title>\u00c0 propos - lardobenprod<\/title>\n<meta name=\"description\" content=\"Bienvenue chez Lardobenprod, o\u00f9 nous sommes d\u00e9di\u00e9s \u00e0 capturer vos moments les plus pr\u00e9cieux avec une combinaison unique de cr\u00e9ativit\u00e9, professionnalisme et passion. Que ce soit pour un mariage \u00e9mouvant, un \u00e9v\u00e9nement d\u2019entreprise m\u00e9morable ou une s\u00e9ance photo en famille joyeuse, notre \u00e9quipe exp\u00e9riment\u00e9e est l\u00e0 pour immortaliser chaque instant de mani\u00e8re inoubliable.En plus de nos services de photographie et de vid\u00e9ographie, nous proposons \u00e9galement des solutions de communication digitale sur mesure pour les entreprises. De la cr\u00e9ation de contenu visuel \u00e0 la gestion strat\u00e9gique des r\u00e9seaux sociaux, nous vous aidons \u00e0 renforcer votre pr\u00e9sence en ligne et \u00e0 atteindre vos objectifs marketing avec succ\u00e8s.\" \/>\n<meta name=\"robots\" content=\"index, follow, max-snippet:-1, max-image-preview:large, max-video-preview:-1\" \/>\n<link rel=\"canonical\" href=\"https:\/\/lardobenprod.com\/index.php\/a-propos\/\" \/>\n<meta property=\"og:locale\" content=\"fr_FR\" \/>\n<meta property=\"og:type\" content=\"article\" \/>\n<meta property=\"og:title\" content=\"\u00c0 propos - lardobenprod\" \/>\n<meta property=\"og:description\" content=\"Bienvenue chez Lardobenprod, o\u00f9 nous sommes d\u00e9di\u00e9s \u00e0 capturer vos moments les plus pr\u00e9cieux avec une combinaison unique de cr\u00e9ativit\u00e9, professionnalisme et passion. Que ce soit pour un mariage \u00e9mouvant, un \u00e9v\u00e9nement d\u2019entreprise m\u00e9morable ou une s\u00e9ance photo en famille joyeuse, notre \u00e9quipe exp\u00e9riment\u00e9e est l\u00e0 pour immortaliser chaque instant de mani\u00e8re inoubliable.En plus de nos services de photographie et de vid\u00e9ographie, nous proposons \u00e9galement des solutions de communication digitale sur mesure pour les entreprises. De la cr\u00e9ation de contenu visuel \u00e0 la gestion strat\u00e9gique des r\u00e9seaux sociaux, nous vous aidons \u00e0 renforcer votre pr\u00e9sence en ligne et \u00e0 atteindre vos objectifs marketing avec succ\u00e8s.\" \/>\n<meta property=\"og:url\" content=\"https:\/\/lardobenprod.com\/index.php\/a-propos\/\" \/>\n<meta property=\"og:site_name\" content=\"lardobenprod\" \/>\n<meta property=\"article:modified_time\" content=\"2024-08-21T17:07:57+00:00\" \/>\n<meta property=\"og:image\" content=\"https:\/\/lardobenprod.com\/wp-content\/uploads\/2024\/04\/Sans-titre-Votre-story.png\" \/>\n\t<meta property=\"og:image:width\" content=\"3375\" \/>\n\t<meta property=\"og:image:height\" content=\"4219\" \/>\n\t<meta property=\"og:image:type\" content=\"image\/png\" \/>\n<meta name=\"twitter:card\" content=\"summary_large_image\" \/>\n<meta name=\"twitter:label1\" content=\"Dur\u00e9e de lecture estim\u00e9e\" \/>\n\t<meta name=\"twitter:data1\" content=\"2 minutes\" \/>\n<script type=\"application\/ld+json\" class=\"yoast-schema-graph\">{\"@context\":\"https:\\\/\\\/schema.org\",\"@graph\":[{\"@type\":\"WebPage\",\"@id\":\"https:\\\/\\\/lardobenprod.com\\\/index.php\\\/a-propos\\\/\",\"url\":\"https:\\\/\\\/lardobenprod.com\\\/index.php\\\/a-propos\\\/\",\"name\":\"\u00c0 propos - lardobenprod\",\"isPartOf\":{\"@id\":\"https:\\\/\\\/lardobenprod.com\\\/#website\"},\"primaryImageOfPage\":{\"@id\":\"https:\\\/\\\/lardobenprod.com\\\/index.php\\\/a-propos\\\/#primaryimage\"},\"image\":{\"@id\":\"https:\\\/\\\/lardobenprod.com\\\/index.php\\\/a-propos\\\/#primaryimage\"},\"thumbnailUrl\":\"https:\\\/\\\/lardobenprod.com\\\/wp-content\\\/uploads\\\/2024\\\/04\\\/Sans-titre-Votre-story.png\",\"datePublished\":\"2021-09-23T20:27:42+00:00\",\"dateModified\":\"2024-08-21T17:07:57+00:00\",\"description\":\"Bienvenue chez Lardobenprod, o\u00f9 nous sommes d\u00e9di\u00e9s \u00e0 capturer vos moments les plus pr\u00e9cieux avec une combinaison unique de cr\u00e9ativit\u00e9, professionnalisme et passion. Que ce soit pour un mariage \u00e9mouvant, un \u00e9v\u00e9nement d\u2019entreprise m\u00e9morable ou une s\u00e9ance photo en famille joyeuse, notre \u00e9quipe exp\u00e9riment\u00e9e est l\u00e0 pour immortaliser chaque instant de mani\u00e8re inoubliable.En plus de nos services de photographie et de vid\u00e9ographie, nous proposons \u00e9galement des solutions de communication digitale sur mesure pour les entreprises. De la cr\u00e9ation de contenu visuel \u00e0 la gestion strat\u00e9gique des r\u00e9seaux sociaux, nous vous aidons \u00e0 renforcer votre pr\u00e9sence en ligne et \u00e0 atteindre vos objectifs marketing avec succ\u00e8s.\",\"breadcrumb\":{\"@id\":\"https:\\\/\\\/lardobenprod.com\\\/index.php\\\/a-propos\\\/#breadcrumb\"},\"inLanguage\":\"fr-FR\",\"potentialAction\":[{\"@type\":\"ReadAction\",\"target\":[\"https:\\\/\\\/lardobenprod.com\\\/index.php\\\/a-propos\\\/\"]}]},{\"@type\":\"ImageObject\",\"inLanguage\":\"fr-FR\",\"@id\":\"https:\\\/\\\/lardobenprod.com\\\/index.php\\\/a-propos\\\/#primaryimage\",\"url\":\"https:\\\/\\\/lardobenprod.com\\\/wp-content\\\/uploads\\\/2024\\\/04\\\/Sans-titre-Votre-story.png\",\"contentUrl\":\"https:\\\/\\\/lardobenprod.com\\\/wp-content\\\/uploads\\\/2024\\\/04\\\/Sans-titre-Votre-story.png\",\"width\":3375,\"height\":4219},{\"@type\":\"BreadcrumbList\",\"@id\":\"https:\\\/\\\/lardobenprod.com\\\/index.php\\\/a-propos\\\/#breadcrumb\",\"itemListElement\":[{\"@type\":\"ListItem\",\"position\":1,\"name\":\"Accueil\",\"item\":\"https:\\\/\\\/lardobenprod.com\\\/\"},{\"@type\":\"ListItem\",\"position\":2,\"name\":\"\u00c0 propos\"}]},{\"@type\":\"WebSite\",\"@id\":\"https:\\\/\\\/lardobenprod.com\\\/#website\",\"url\":\"https:\\\/\\\/lardobenprod.com\\\/\",\"name\":\"lardobenprod\",\"description\":\"\",\"publisher\":{\"@id\":\"https:\\\/\\\/lardobenprod.com\\\/#organization\"},\"potentialAction\":[{\"@type\":\"SearchAction\",\"target\":{\"@type\":\"EntryPoint\",\"urlTemplate\":\"https:\\\/\\\/lardobenprod.com\\\/?s={search_term_string}\"},\"query-input\":{\"@type\":\"PropertyValueSpecification\",\"valueRequired\":true,\"valueName\":\"search_term_string\"}}],\"inLanguage\":\"fr-FR\"},{\"@type\":\"Organization\",\"@id\":\"https:\\\/\\\/lardobenprod.com\\\/#organization\",\"name\":\"lardobenprod\",\"url\":\"https:\\\/\\\/lardobenprod.com\\\/\",\"logo\":{\"@type\":\"ImageObject\",\"inLanguage\":\"fr-FR\",\"@id\":\"https:\\\/\\\/lardobenprod.com\\\/#\\\/schema\\\/logo\\\/image\\\/\",\"url\":\"https:\\\/\\\/lardobenprod.com\\\/wp-content\\\/uploads\\\/2024\\\/04\\\/cropped-cropped-Sans-titre-Votre-story.png\",\"contentUrl\":\"https:\\\/\\\/lardobenprod.com\\\/wp-content\\\/uploads\\\/2024\\\/04\\\/cropped-cropped-Sans-titre-Votre-story.png\",\"width\":512,\"height\":205,\"caption\":\"lardobenprod\"},\"image\":{\"@id\":\"https:\\\/\\\/lardobenprod.com\\\/#\\\/schema\\\/logo\\\/image\\\/\"}}]}<\/script>\n<!-- \/ Yoast SEO plugin. -->","yoast_head_json":{"title":"\u00c0 propos - lardobenprod","description":"Bienvenue chez Lardobenprod, o\u00f9 nous sommes d\u00e9di\u00e9s \u00e0 capturer vos moments les plus pr\u00e9cieux avec une combinaison unique de cr\u00e9ativit\u00e9, professionnalisme et passion. Que ce soit pour un mariage \u00e9mouvant, un \u00e9v\u00e9nement d\u2019entreprise m\u00e9morable ou une s\u00e9ance photo en famille joyeuse, notre \u00e9quipe exp\u00e9riment\u00e9e est l\u00e0 pour immortaliser chaque instant de mani\u00e8re inoubliable.En plus de nos services de photographie et de vid\u00e9ographie, nous proposons \u00e9galement des solutions de communication digitale sur mesure pour les entreprises. De la cr\u00e9ation de contenu visuel \u00e0 la gestion strat\u00e9gique des r\u00e9seaux sociaux, nous vous aidons \u00e0 renforcer votre pr\u00e9sence en ligne et \u00e0 atteindre vos objectifs marketing avec succ\u00e8s.","robots":{"index":"index","follow":"follow","max-snippet":"max-snippet:-1","max-image-preview":"max-image-preview:large","max-video-preview":"max-video-preview:-1"},"canonical":"https:\/\/lardobenprod.com\/index.php\/a-propos\/","og_locale":"fr_FR","og_type":"article","og_title":"\u00c0 propos - lardobenprod","og_description":"Bienvenue chez Lardobenprod, o\u00f9 nous sommes d\u00e9di\u00e9s \u00e0 capturer vos moments les plus pr\u00e9cieux avec une combinaison unique de cr\u00e9ativit\u00e9, professionnalisme et passion. Que ce soit pour un mariage \u00e9mouvant, un \u00e9v\u00e9nement d\u2019entreprise m\u00e9morable ou une s\u00e9ance photo en famille joyeuse, notre \u00e9quipe exp\u00e9riment\u00e9e est l\u00e0 pour immortaliser chaque instant de mani\u00e8re inoubliable.En plus de nos services de photographie et de vid\u00e9ographie, nous proposons \u00e9galement des solutions de communication digitale sur mesure pour les entreprises. De la cr\u00e9ation de contenu visuel \u00e0 la gestion strat\u00e9gique des r\u00e9seaux sociaux, nous vous aidons \u00e0 renforcer votre pr\u00e9sence en ligne et \u00e0 atteindre vos objectifs marketing avec succ\u00e8s.","og_url":"https:\/\/lardobenprod.com\/index.php\/a-propos\/","og_site_name":"lardobenprod","article_modified_time":"2024-08-21T17:07:57+00:00","og_image":[{"width":3375,"height":4219,"url":"https:\/\/lardobenprod.com\/wp-content\/uploads\/2024\/04\/Sans-titre-Votre-story.png","type":"image\/png"}],"twitter_card":"summary_large_image","twitter_misc":{"Dur\u00e9e de lecture estim\u00e9e":"2 minutes"},"schema":{"@context":"https:\/\/schema.org","@graph":[{"@type":"WebPage","@id":"https:\/\/lardobenprod.com\/index.php\/a-propos\/","url":"https:\/\/lardobenprod.com\/index.php\/a-propos\/","name":"\u00c0 propos - lardobenprod","isPartOf":{"@id":"https:\/\/lardobenprod.com\/#website"},"primaryImageOfPage":{"@id":"https:\/\/lardobenprod.com\/index.php\/a-propos\/#primaryimage"},"image":{"@id":"https:\/\/lardobenprod.com\/index.php\/a-propos\/#primaryimage"},"thumbnailUrl":"https:\/\/lardobenprod.com\/wp-content\/uploads\/2024\/04\/Sans-titre-Votre-story.png","datePublished":"2021-09-23T20:27:42+00:00","dateModified":"2024-08-21T17:07:57+00:00","description":"Bienvenue chez Lardobenprod, o\u00f9 nous sommes d\u00e9di\u00e9s \u00e0 capturer vos moments les plus pr\u00e9cieux avec une combinaison unique de cr\u00e9ativit\u00e9, professionnalisme et passion. Que ce soit pour un mariage \u00e9mouvant, un \u00e9v\u00e9nement d\u2019entreprise m\u00e9morable ou une s\u00e9ance photo en famille joyeuse, notre \u00e9quipe exp\u00e9riment\u00e9e est l\u00e0 pour immortaliser chaque instant de mani\u00e8re inoubliable.En plus de nos services de photographie et de vid\u00e9ographie, nous proposons \u00e9galement des solutions de communication digitale sur mesure pour les entreprises. De la cr\u00e9ation de contenu visuel \u00e0 la gestion strat\u00e9gique des r\u00e9seaux sociaux, nous vous aidons \u00e0 renforcer votre pr\u00e9sence en ligne et \u00e0 atteindre vos objectifs marketing avec succ\u00e8s.","breadcrumb":{"@id":"https:\/\/lardobenprod.com\/index.php\/a-propos\/#breadcrumb"},"inLanguage":"fr-FR","potentialAction":[{"@type":"ReadAction","target":["https:\/\/lardobenprod.com\/index.php\/a-propos\/"]}]},{"@type":"ImageObject","inLanguage":"fr-FR","@id":"https:\/\/lardobenprod.com\/index.php\/a-propos\/#primaryimage","url":"https:\/\/lardobenprod.com\/wp-content\/uploads\/2024\/04\/Sans-titre-Votre-story.png","contentUrl":"https:\/\/lardobenprod.com\/wp-content\/uploads\/2024\/04\/Sans-titre-Votre-story.png","width":3375,"height":4219},{"@type":"BreadcrumbList","@id":"https:\/\/lardobenprod.com\/index.php\/a-propos\/#breadcrumb","itemListElement":[{"@type":"ListItem","position":1,"name":"Accueil","item":"https:\/\/lardobenprod.com\/"},{"@type":"ListItem","position":2,"name":"\u00c0 propos"}]},{"@type":"WebSite","@id":"https:\/\/lardobenprod.com\/#website","url":"https:\/\/lardobenprod.com\/","name":"lardobenprod","description":"","publisher":{"@id":"https:\/\/lardobenprod.com\/#organization"},"potentialAction":[{"@type":"SearchAction","target":{"@type":"EntryPoint","urlTemplate":"https:\/\/lardobenprod.com\/?s={search_term_string}"},"query-input":{"@type":"PropertyValueSpecification","valueRequired":true,"valueName":"search_term_string"}}],"inLanguage":"fr-FR"},{"@type":"Organization","@id":"https:\/\/lardobenprod.com\/#organization","name":"lardobenprod","url":"https:\/\/lardobenprod.com\/","logo":{"@type":"ImageObject","inLanguage":"fr-FR","@id":"https:\/\/lardobenprod.com\/#\/schema\/logo\/image\/","url":"https:\/\/lardobenprod.com\/wp-content\/uploads\/2024\/04\/cropped-cropped-Sans-titre-Votre-story.png","contentUrl":"https:\/\/lardobenprod.com\/wp-content\/uploads\/2024\/04\/cropped-cropped-Sans-titre-Votre-story.png","width":512,"height":205,"caption":"lardobenprod"},"image":{"@id":"https:\/\/lardobenprod.com\/#\/schema\/logo\/image\/"}}]}},"_links":{"self":[{"href":"https:\/\/lardobenprod.com\/index.php\/wp-json\/wp\/v2\/pages\/654","targetHints":{"allow":["GET"]}}],"collection":[{"href":"https:\/\/lardobenprod.com\/index.php\/wp-json\/wp\/v2\/pages"}],"about":[{"href":"https:\/\/lardobenprod.com\/index.php\/wp-json\/wp\/v2\/types\/page"}],"author":[{"embeddable":true,"href":"https:\/\/lardobenprod.com\/index.php\/wp-json\/wp\/v2\/users\/1"}],"replies":[{"embeddable":true,"href":"https:\/\/lardobenprod.com\/index.php\/wp-json\/wp\/v2\/comments?post=654"}],"version-history":[{"count":11,"href":"https:\/\/lardobenprod.com\/index.php\/wp-json\/wp\/v2\/pages\/654\/revisions"}],"predecessor-version":[{"id":1244,"href":"https:\/\/lardobenprod.com\/index.php\/wp-json\/wp\/v2\/pages\/654\/revisions\/1244"}],"wp:featuredmedia":[{"embeddable":true,"href":"https:\/\/lardobenprod.com\/index.php\/wp-json\/wp\/v2\/media\/1081"}],"wp:attachment":[{"href":"https:\/\/lardobenprod.com\/index.php\/wp-json\/wp\/v2\/media?parent=654"}],"curies":[{"name":"wp","href":"https:\/\/api.w.org\/{rel}","templated":true}]}}